{"id":29,"date":"2023-09-27T10:35:30","date_gmt":"2023-09-27T10:35:30","guid":{"rendered":"https:\/\/www.kemn.ro\/?page_id=29"},"modified":"2023-09-29T09:35:51","modified_gmt":"2023-09-29T09:35:51","slug":"certificari-si-diplome","status":"publish","type":"page","link":"https:\/\/www.kemn.ro\/index.php\/certificari-si-diplome\/","title":{"rendered":"Certific\u0103ri \u0219i Diplome"},"content":{"rendered":"\t\t<div data-elementor-type=\"wp-page\" data-elementor-id=\"29\" class=\"elementor elementor-29\">\n\t\t\t\t\t\t\t<div class=\"elementor-element elementor-element-5e3a33d e-flex e-con-boxed e-con e-parent\" data-id=\"5e3a33d\" data-element_type=\"container\" data-settings=\"{&quot;content_width&quot;:&quot;boxed&quot;}\" data-core-v316-plus=\"true\">\n\t\t\t\t\t<div class=\"e-con-inner\">\n\t\t\t\t<div class=\"elementor-element elementor-element-4676ff9 elementor-widget elementor-widget-heading\" data-id=\"4676ff9\" data-element_type=\"widget\" data-widget_type=\"heading.default\">\n\t\t\t\t<div class=\"elementor-widget-container\">\n\t\t\t<style>\/*! elementor - v3.16.0 - 20-09-2023 *\/\n.elementor-heading-title{padding:0;margin:0;line-height:1}.elementor-widget-heading .elementor-heading-title[class*=elementor-size-]>a{color:inherit;font-size:inherit;line-height:inherit}.elementor-widget-heading .elementor-heading-title.elementor-size-small{font-size:15px}.elementor-widget-heading .elementor-heading-title.elementor-size-medium{font-size:19px}.elementor-widget-heading .elementor-heading-title.elementor-size-large{font-size:29px}.elementor-widget-heading .elementor-heading-title.elementor-size-xl{font-size:39px}.elementor-widget-heading .elementor-heading-title.elementor-size-xxl{font-size:59px}<\/style><h2 class=\"elementor-heading-title elementor-size-default\">Despre noi, Kemn Pack<\/h2>\t\t<\/div>\n\t\t\t\t<\/div>\n\t\t\t\t<div class=\"elementor-element elementor-element-df85308 elementor-widget elementor-widget-text-editor\" data-id=\"df85308\" data-element_type=\"widget\" data-widget_type=\"text-editor.default\">\n\t\t\t\t<div class=\"elementor-widget-container\">\n\t\t\t<style>\/*! elementor - v3.16.0 - 20-09-2023 *\/\n.elementor-widget-text-editor.elementor-drop-cap-view-stacked .elementor-drop-cap{background-color:#69727d;color:#fff}.elementor-widget-text-editor.elementor-drop-cap-view-framed .elementor-drop-cap{color:#69727d;border:3px solid;background-color:transparent}.elementor-widget-text-editor:not(.elementor-drop-cap-view-default) .elementor-drop-cap{margin-top:8px}.elementor-widget-text-editor:not(.elementor-drop-cap-view-default) .elementor-drop-cap-letter{width:1em;height:1em}.elementor-widget-text-editor .elementor-drop-cap{float:left;text-align:center;line-height:1;font-size:50px}.elementor-widget-text-editor .elementor-drop-cap-letter{display:inline-block}<\/style>\t\t\t\t<p>Kemn Pack &#8211; Angaj\u00e2nd Excelen\u021ba \u00een Industria Cartonului<\/p><p>Bine a\u021bi venit la Kemn Pack, unde pasiunea pentru calitate se \u00eent\u00e2lne\u0219te cu inova\u021bia \u00een industria cartonului. Cu o tradi\u021bie de peste dou\u0103 decenii, suntem m\u00e2ndri s\u0103 fim lideri \u00een produc\u021bia \u0219i furnizarea de ambalaje din carton personalizate \u0219i durabile.<\/p><p>Istoria noastr\u0103 \u00eencepe cu o viziune simpl\u0103: s\u0103 oferim solu\u021bii de ambalare superioare pentru companiile din \u00eentreaga lume. De-a lungul anilor, am investit \u00een tehnologie de v\u00e2rf \u0219i am asamblat o echip\u0103 talentat\u0103 de profesioni\u0219ti \u00een domeniul cartonului, gata s\u0103 transforme idei \u00een realitate.<\/p><p>La Kemn Pack, nu facem doar ambalaje din carton &#8211; cre\u0103m solu\u021bii. Echipa noastr\u0103 de exper\u021bi colaboreaz\u0103 str\u00e2ns cu clien\u021bii pentru a \u00een\u021belege nevoile lor specifice \u0219i pentru a dezvolta ambalaje personalizate, care nu numai c\u0103 protejeaz\u0103 produsele, dar \u0219i contribuie la cre\u0219terea brandului. Suntem dedica\u021bi sustenabilit\u0103\u021bii, folosind materiale reciclabile \u0219i procese de produc\u021bie prietenoase cu mediul pentru a ajuta la construirea unui viitor mai verde.<\/p><p>La Kemn Pack, eficien\u021ba \u0219i satisfac\u021bia clien\u021bilor stau \u00een centrul a ceea ce facem. Noi nu suntem doar furnizori, suntem parteneri. Cu un portofoliu variat de produse, de la cutii simple la ambalaje complexe cu design special, suntem preg\u0103ti\u021bi s\u0103 r\u0103spundem la cele mai mari provoc\u0103ri de ambalare ale clien\u021bilor no\u0219tri.<\/p><p>Ne m\u00e2ndrim cu reputa\u021bia noastr\u0103 de a livra ambalaje de \u00eenalt\u0103 calitate, la timp \u0219i la costuri competitive. La Kemn Pack, suntem dornici s\u0103 cre\u0103m ambalaje care impresioneaz\u0103, inspir\u0103 \u0219i protejeaz\u0103. Suntem dedica\u021bi misiunii noastre de a contribui la succesul afacerii dumneavoastr\u0103 prin solu\u021bii de ambalare de excep\u021bie.<\/p><p>V\u0103 invit\u0103m s\u0103 descoperi\u021bi lumea Kemn Pack \u0219i s\u0103 ne contacta\u021bi pentru a afla cum putem s\u0103 v\u0103 ajut\u0103m s\u0103 v\u0103 ridica\u021bi la nivelul urm\u0103tor \u00een materie de ambalare din carton. Cu noi, fiecare produs devine o poveste de succes!<\/p><p>Kemn Pack &#8211; \u00cempreun\u0103 pentru ambalaje de excep\u021bie.<\/p>\t\t\t\t\t\t<\/div>\n\t\t\t\t<\/div>\n\t\t\t\t\t<\/div>\n\t\t\t\t<\/div>\n\t\t\t\t\t\t\t<\/div>\n\t\t","protected":false},"excerpt":{"rendered":"<p>Despre noi, Kemn Pack Kemn Pack &#8211; Angaj\u00e2nd Excelen\u021ba \u00een Industria Cartonului Bine a\u021bi venit la Kemn Pack, unde pasiunea pentru calitate se \u00eent\u00e2lne\u0219te cu inova\u021bia \u00een industria cartonului. Cu o tradi\u021bie de peste dou\u0103 decenii, suntem m\u00e2ndri s\u0103 fim lideri \u00een produc\u021bia \u0219i furnizarea de ambalaje din carton personalizate \u0219i durabile. Istoria noastr\u0103 \u00eencepe &hellip;<\/p>\n<p class=\"read-more\"> <a class=\"\" href=\"https:\/\/www.kemn.ro\/index.php\/certificari-si-diplome\/\"> <span class=\"screen-reader-text\">Certific\u0103ri \u0219i Diplome<\/span> Read More &raquo;<\/a><\/p>\n","protected":false},"author":1,"featured_media":0,"parent":0,"menu_order":0,"comment_status":"closed","ping_status":"closed","template":"","meta":{"_uag_custom_page_level_css":"","site-sidebar-layout":"no-sidebar","site-content-layout":"","ast-site-content-layout":"full-width-container","site-content-style":"default","site-sidebar-style":"default","ast-global-header-display":"","ast-banner-title-visibility":"","ast-main-header-display":"","ast-hfb-above-header-display":"","ast-hfb-below-header-display":"","ast-hfb-mobile-header-display":"","site-post-title":"disabled","ast-breadcrumbs-content":"","ast-featured-img":"disabled","footer-sml-layout":"","theme-transparent-header-meta":"","adv-header-id-meta":"","stick-header-meta":"","header-above-stick-meta":"","header-main-stick-meta":"","header-below-stick-meta":"","astra-migrate-meta-layouts":"","footnotes":""},"uagb_featured_image_src":{"full":false,"thumbnail":false,"medium":false,"medium_large":false,"large":false,"1536x1536":false,"2048x2048":false},"uagb_author_info":{"display_name":"wp-kemn","author_link":"https:\/\/www.kemn.ro\/index.php\/author\/wp-kemn\/"},"uagb_comment_info":0,"uagb_excerpt":"Despre noi, Kemn Pack Kemn Pack &#8211; Angaj\u00e2nd Excelen\u021ba \u00een Industria Cartonului Bine a\u021bi venit la Kemn Pack, unde pasiunea pentru calitate se \u00eent\u00e2lne\u0219te cu inova\u021bia \u00een industria cartonului. Cu o tradi\u021bie de peste dou\u0103 decenii, suntem m\u00e2ndri s\u0103 fim lideri \u00een produc\u021bia \u0219i furnizarea de ambalaje din carton personalizate \u0219i durabile. Istoria noastr\u0103 \u00eencepe&hellip;","_links":{"self":[{"href":"https:\/\/www.kemn.ro\/index.php\/wp-json\/wp\/v2\/pages\/29"}],"collection":[{"href":"https:\/\/www.kemn.ro\/index.php\/wp-json\/wp\/v2\/pages"}],"about":[{"href":"https:\/\/www.kemn.ro\/index.php\/wp-json\/wp\/v2\/types\/page"}],"author":[{"embeddable":true,"href":"https:\/\/www.kemn.ro\/index.php\/wp-json\/wp\/v2\/users\/1"}],"replies":[{"embeddable":true,"href":"https:\/\/www.kemn.ro\/index.php\/wp-json\/wp\/v2\/comments?post=29"}],"version-history":[{"count":7,"href":"https:\/\/www.kemn.ro\/index.php\/wp-json\/wp\/v2\/pages\/29\/revisions"}],"predecessor-version":[{"id":201,"href":"https:\/\/www.kemn.ro\/index.php\/wp-json\/wp\/v2\/pages\/29\/revisions\/201"}],"wp:attachment":[{"href":"https:\/\/www.kemn.ro\/index.php\/wp-json\/wp\/v2\/media?parent=29"}],"curies":[{"name":"wp","href":"https:\/\/api.w.org\/{rel}","templated":true}]}}