{"id":33,"date":"2023-09-27T10:35:51","date_gmt":"2023-09-27T10:35:51","guid":{"rendered":"https:\/\/www.kemn.ro\/?page_id=33"},"modified":"2023-09-27T11:19:35","modified_gmt":"2023-09-27T11:19:35","slug":"contact","status":"publish","type":"page","link":"https:\/\/www.kemn.ro\/index.php\/contact\/","title":{"rendered":"Contact"},"content":{"rendered":"\t\t<div data-elementor-type=\"wp-page\" data-elementor-id=\"33\" class=\"elementor elementor-33\">\n\t\t\t\t\t\t\t<div class=\"elementor-element elementor-element-5f3f810 e-flex e-con-boxed e-con e-parent\" data-id=\"5f3f810\" data-element_type=\"container\" data-settings=\"{&quot;content_width&quot;:&quot;boxed&quot;}\" data-core-v316-plus=\"true\">\n\t\t\t\t\t<div class=\"e-con-inner\">\n\t\t\t\t<div class=\"elementor-element elementor-element-fe986ed elementor-widget elementor-widget-heading\" data-id=\"fe986ed\" data-element_type=\"widget\" data-widget_type=\"heading.default\">\n\t\t\t\t<div class=\"elementor-widget-container\">\n\t\t\t<style>\/*! elementor - v3.16.0 - 20-09-2023 *\/\n.elementor-heading-title{padding:0;margin:0;line-height:1}.elementor-widget-heading .elementor-heading-title[class*=elementor-size-]>a{color:inherit;font-size:inherit;line-height:inherit}.elementor-widget-heading .elementor-heading-title.elementor-size-small{font-size:15px}.elementor-widget-heading .elementor-heading-title.elementor-size-medium{font-size:19px}.elementor-widget-heading .elementor-heading-title.elementor-size-large{font-size:29px}.elementor-widget-heading .elementor-heading-title.elementor-size-xl{font-size:39px}.elementor-widget-heading .elementor-heading-title.elementor-size-xxl{font-size:59px}<\/style><h2 class=\"elementor-heading-title elementor-size-default\">Suntem aici sa va raspundem!<\/h2>\t\t<\/div>\n\t\t\t\t<\/div>\n\t\t\t\t<div class=\"elementor-element elementor-element-917124d elementor-widget elementor-widget-text-editor\" data-id=\"917124d\" data-element_type=\"widget\" data-widget_type=\"text-editor.default\">\n\t\t\t\t<div class=\"elementor-widget-container\">\n\t\t\t<style>\/*! elementor - v3.16.0 - 20-09-2023 *\/\n.elementor-widget-text-editor.elementor-drop-cap-view-stacked .elementor-drop-cap{background-color:#69727d;color:#fff}.elementor-widget-text-editor.elementor-drop-cap-view-framed .elementor-drop-cap{color:#69727d;border:3px solid;background-color:transparent}.elementor-widget-text-editor:not(.elementor-drop-cap-view-default) .elementor-drop-cap{margin-top:8px}.elementor-widget-text-editor:not(.elementor-drop-cap-view-default) .elementor-drop-cap-letter{width:1em;height:1em}.elementor-widget-text-editor .elementor-drop-cap{float:left;text-align:center;line-height:1;font-size:50px}.elementor-widget-text-editor .elementor-drop-cap-letter{display:inline-block}<\/style>\t\t\t\t<p>Suntem aici, disponibili \u00een orice moment, gata s\u0103 ajut\u0103m. Ne-ar face mare pl\u0103cere s\u0103 discut\u0103m \u0219i s\u0103 construim \u00eempreun\u0103 un proiect de succes.<\/p>\t\t\t\t\t\t<\/div>\n\t\t\t\t<\/div>\n\t\t\t\t\t<\/div>\n\t\t\t\t<\/div>\n\t\t<div class=\"elementor-element elementor-element-eddd2ea e-flex e-con-boxed e-con e-parent\" data-id=\"eddd2ea\" data-element_type=\"container\" data-settings=\"{&quot;content_width&quot;:&quot;boxed&quot;}\" data-core-v316-plus=\"true\">\n\t\t\t\t\t<div class=\"e-con-inner\">\n\t\t<div class=\"elementor-element elementor-element-fe97f03 e-con-full e-flex e-con e-child\" data-id=\"fe97f03\" data-element_type=\"container\" data-settings=\"{&quot;content_width&quot;:&quot;full&quot;}\">\n\t\t\t\t<div class=\"elementor-element elementor-element-574dbdb elementor-widget elementor-widget-text-editor\" data-id=\"574dbdb\" data-element_type=\"widget\" data-widget_type=\"text-editor.default\">\n\t\t\t\t<div class=\"elementor-widget-container\">\n\t\t\t\t\t\t\t<p><strong>Strada Anghel Saligny, nr 8, Focsani, Vrancea<\/strong><br \/><strong>Telefon<\/strong><br \/>0237.700.092 \u2013 Secretariat<br \/><strong>Fax<\/strong><br \/>0337.109.704<br \/><strong>E-mail<\/strong><br \/>office@kemn.ro<br \/>contabilitate@kemn.ro<\/p>\t\t\t\t\t\t<\/div>\n\t\t\t\t<\/div>\n\t\t\t\t<\/div>\n\t\t<div class=\"elementor-element elementor-element-e4d7a1e e-con-full e-flex e-con e-child\" data-id=\"e4d7a1e\" data-element_type=\"container\" data-settings=\"{&quot;content_width&quot;:&quot;full&quot;}\">\n\t\t\t\t<div class=\"elementor-element elementor-element-0c8e1bf elementor-widget elementor-widget-text-editor\" data-id=\"0c8e1bf\" data-element_type=\"widget\" data-widget_type=\"text-editor.default\">\n\t\t\t\t<div class=\"elementor-widget-container\">\n\t\t\t\t\t\t\t<p><strong>Strada DJ205R, nr 1, Cotesti, Vrancea<\/strong><br \/><strong>Telefon<\/strong><br \/>0237.700.040 \u2013 Secretariat<br \/><strong>Fax<\/strong><br \/>0237.700.040<br \/><strong>E-mail<\/strong><br \/>office@kemn.ro<br \/>contabilitate@kemn.ro<\/p>\t\t\t\t\t\t<\/div>\n\t\t\t\t<\/div>\n\t\t\t\t<\/div>\n\t\t\t\t\t<\/div>\n\t\t\t\t<\/div>\n\t\t<div class=\"elementor-element elementor-element-182c5e9 e-flex e-con-boxed e-con e-parent\" data-id=\"182c5e9\" data-element_type=\"container\" data-settings=\"{&quot;content_width&quot;:&quot;boxed&quot;}\" data-core-v316-plus=\"true\">\n\t\t\t\t\t<div class=\"e-con-inner\">\n\t\t<div class=\"elementor-element elementor-element-a5c5fa2 e-con-full e-flex e-con e-child\" data-id=\"a5c5fa2\" data-element_type=\"container\" data-settings=\"{&quot;content_width&quot;:&quot;full&quot;}\">\n\t\t\t\t<div class=\"elementor-element elementor-element-bac960c elementor-widget elementor-widget-heading\" data-id=\"bac960c\" data-element_type=\"widget\" data-widget_type=\"heading.default\">\n\t\t\t\t<div class=\"elementor-widget-container\">\n\t\t\t<h2 class=\"elementor-heading-title elementor-size-default\">Sediu Focsani<\/h2>\t\t<\/div>\n\t\t\t\t<\/div>\n\t\t\t\t<div class=\"elementor-element elementor-element-c7ef3cc elementor-widget elementor-widget-google_maps\" data-id=\"c7ef3cc\" data-element_type=\"widget\" data-widget_type=\"google_maps.default\">\n\t\t\t\t<div class=\"elementor-widget-container\">\n\t\t\t<style>\/*! elementor - v3.16.0 - 20-09-2023 *\/\n.elementor-widget-google_maps .elementor-widget-container{overflow:hidden}.elementor-widget-google_maps .elementor-custom-embed{line-height:0}.elementor-widget-google_maps iframe{height:300px}<\/style>\t\t<div class=\"elementor-custom-embed\">\n\t\t\t<iframe loading=\"lazy\"\n\t\t\t\t\tsrc=\"https:\/\/maps.google.com\/maps?q=Strada%20Anghel%20Saligny%2C%20nr%208%2C%20Focsani%2C%20Vrancea&#038;t=m&#038;z=15&#038;output=embed&#038;iwloc=near\"\n\t\t\t\t\ttitle=\"Strada Anghel Saligny, nr 8, Focsani, Vrancea\"\n\t\t\t\t\taria-label=\"Strada Anghel Saligny, nr 8, Focsani, Vrancea\"\n\t\t\t><\/iframe>\n\t\t<\/div>\n\t\t\t\t<\/div>\n\t\t\t\t<\/div>\n\t\t\t\t<\/div>\n\t\t<div class=\"elementor-element elementor-element-0187ad7 e-con-full e-flex e-con e-child\" data-id=\"0187ad7\" data-element_type=\"container\" data-settings=\"{&quot;content_width&quot;:&quot;full&quot;}\">\n\t\t\t\t<div class=\"elementor-element elementor-element-9b7974e elementor-widget elementor-widget-heading\" data-id=\"9b7974e\" data-element_type=\"widget\" data-widget_type=\"heading.default\">\n\t\t\t\t<div class=\"elementor-widget-container\">\n\t\t\t<h2 class=\"elementor-heading-title elementor-size-default\">Sediu Cotesti<\/h2>\t\t<\/div>\n\t\t\t\t<\/div>\n\t\t\t\t<div class=\"elementor-element elementor-element-e2acb65 elementor-widget elementor-widget-google_maps\" data-id=\"e2acb65\" data-element_type=\"widget\" data-widget_type=\"google_maps.default\">\n\t\t\t\t<div class=\"elementor-widget-container\">\n\t\t\t\t\t<div class=\"elementor-custom-embed\">\n\t\t\t<iframe loading=\"lazy\"\n\t\t\t\t\tsrc=\"https:\/\/maps.google.com\/maps?q=DN%20205R%2C%20Cote%C8%99ti%20627100&#038;t=m&#038;z=14&#038;output=embed&#038;iwloc=near\"\n\t\t\t\t\ttitle=\"DN 205R, Cote\u0219ti 627100\"\n\t\t\t\t\taria-label=\"DN 205R, Cote\u0219ti 627100\"\n\t\t\t><\/iframe>\n\t\t<\/div>\n\t\t\t\t<\/div>\n\t\t\t\t<\/div>\n\t\t\t\t<\/div>\n\t\t\t\t\t<\/div>\n\t\t\t\t<\/div>\n\t\t\t\t\t\t\t<\/div>\n\t\t","protected":false},"excerpt":{"rendered":"<p>Suntem aici sa va raspundem! Suntem aici, disponibili \u00een orice moment, gata s\u0103 ajut\u0103m. Ne-ar face mare pl\u0103cere s\u0103 discut\u0103m \u0219i s\u0103 construim \u00eempreun\u0103 un proiect de succes. Strada Anghel Saligny, nr 8, Focsani, VranceaTelefon0237.700.092 \u2013 SecretariatFax0337.109.704E-mailoffice@kemn.rocontabilitate@kemn.ro Strada DJ205R, nr 1, Cotesti, VranceaTelefon0237.700.040 \u2013 SecretariatFax0237.700.040E-mailoffice@kemn.rocontabilitate@kemn.ro Sediu Focsani Sediu Cotesti<\/p>\n","protected":false},"author":1,"featured_media":0,"parent":0,"menu_order":0,"comment_status":"closed","ping_status":"closed","template":"","meta":{"_uag_custom_page_level_css":"","site-sidebar-layout":"no-sidebar","site-content-layout":"","ast-site-content-layout":"full-width-container","site-content-style":"default","site-sidebar-style":"default","ast-global-header-display":"","ast-banner-title-visibility":"","ast-main-header-display":"","ast-hfb-above-header-display":"","ast-hfb-below-header-display":"","ast-hfb-mobile-header-display":"","site-post-title":"disabled","ast-breadcrumbs-content":"","ast-featured-img":"disabled","footer-sml-layout":"","theme-transparent-header-meta":"","adv-header-id-meta":"","stick-header-meta":"","header-above-stick-meta":"","header-main-stick-meta":"","header-below-stick-meta":"","astra-migrate-meta-layouts":"","footnotes":""},"uagb_featured_image_src":{"full":false,"thumbnail":false,"medium":false,"medium_large":false,"large":false,"1536x1536":false,"2048x2048":false},"uagb_author_info":{"display_name":"wp-kemn","author_link":"https:\/\/www.kemn.ro\/index.php\/author\/wp-kemn\/"},"uagb_comment_info":0,"uagb_excerpt":"Suntem aici sa va raspundem! Suntem aici, disponibili \u00een orice moment, gata s\u0103 ajut\u0103m. Ne-ar face mare pl\u0103cere s\u0103 discut\u0103m \u0219i s\u0103 construim \u00eempreun\u0103 un proiect de succes. Strada Anghel Saligny, nr 8, Focsani, VranceaTelefon0237.700.092 \u2013 SecretariatFax0337.109.704E-mailoffice@kemn.rocontabilitate@kemn.ro Strada DJ205R, nr 1, Cotesti, VranceaTelefon0237.700.040 \u2013 SecretariatFax0237.700.040E-mailoffice@kemn.rocontabilitate@kemn.ro Sediu Focsani Sediu Cotesti","_links":{"self":[{"href":"https:\/\/www.kemn.ro\/index.php\/wp-json\/wp\/v2\/pages\/33"}],"collection":[{"href":"https:\/\/www.kemn.ro\/index.php\/wp-json\/wp\/v2\/pages"}],"about":[{"href":"https:\/\/www.kemn.ro\/index.php\/wp-json\/wp\/v2\/types\/page"}],"author":[{"embeddable":true,"href":"https:\/\/www.kemn.ro\/index.php\/wp-json\/wp\/v2\/users\/1"}],"replies":[{"embeddable":true,"href":"https:\/\/www.kemn.ro\/index.php\/wp-json\/wp\/v2\/comments?post=33"}],"version-history":[{"count":7,"href":"https:\/\/www.kemn.ro\/index.php\/wp-json\/wp\/v2\/pages\/33\/revisions"}],"predecessor-version":[{"id":63,"href":"https:\/\/www.kemn.ro\/index.php\/wp-json\/wp\/v2\/pages\/33\/revisions\/63"}],"wp:attachment":[{"href":"https:\/\/www.kemn.ro\/index.php\/wp-json\/wp\/v2\/media?parent=33"}],"curies":[{"name":"wp","href":"https:\/\/api.w.org\/{rel}","templated":true}]}}